{"id":6607,"date":"2017-04-12T21:12:18","date_gmt":"2017-04-12T19:12:18","guid":{"rendered":"http:\/\/www.einhornev.de\/cms\/?page_id=6607"},"modified":"2022-11-04T16:02:56","modified_gmt":"2022-11-04T15:02:56","slug":"oeffnungszeiten","status":"publish","type":"page","link":"https:\/\/www.einhornev.de\/cms\/oeffnungszeiten\/","title":{"rendered":"\u00d6ffnungszeiten"},"content":{"rendered":"<p><strong>Achtung: Wir haben keine \u00d6ffnungszeiten<br \/>\n<\/strong><\/p>\n<p>Wenn Sie unsere Tiere besuchen m\u00f6chten, vereinbaren Sie bitte telefonisch einen Termin, damit wir uns Zeit f\u00fcr sie nehmen k\u00f6nnen: <b>040\/7103600<\/b> oder mobil: <b>0171\/5360631<\/b><\/p>\n<p><b>Tierherberge Einhorn e.V.<\/b><br \/>\nSenefelder Ring 46<br \/>\n21465 Reinbek<br \/>\n<a href=\"http:\/\/maps.apple.com\/?daddr=Einhorn+Senefelder Ring 46+21465 Reinbek\">Anfahrt auf Karte<\/a><\/p>\n","protected":false},"excerpt":{"rendered":"<p>Achtung: Wir haben keine \u00d6ffnungszeiten Wenn Sie unsere Tiere besuchen m\u00f6chten, vereinbaren Sie bitte telefonisch einen Termin, damit wir uns Zeit f\u00fcr sie nehmen k\u00f6nnen: 040\/7103600 oder mobil: 0171\/5360631 Tierherberge Einhorn e.V. Senefelder Ring 46 21465 Reinbek Anfahrt auf Karte<\/p>\n","protected":false},"author":1,"featured_media":0,"parent":0,"menu_order":20,"comment_status":"closed","ping_status":"closed","template":"","meta":{"_acf_changed":false,"_bbp_topic_count":0,"_bbp_reply_count":0,"_bbp_total_topic_count":0,"_bbp_total_reply_count":0,"_bbp_voice_count":0,"_bbp_anonymous_reply_count":0,"_bbp_topic_count_hidden":0,"_bbp_reply_count_hidden":0,"_bbp_forum_subforum_count":0,"footnotes":""},"class_list":["post-6607","page","type-page","status-publish",""],"acf":[],"_links":{"self":[{"href":"https:\/\/www.einhornev.de\/cms\/wp-json\/wp\/v2\/pages\/6607","targetHints":{"allow":["GET"]}}],"collection":[{"href":"https:\/\/www.einhornev.de\/cms\/wp-json\/wp\/v2\/pages"}],"about":[{"href":"https:\/\/www.einhornev.de\/cms\/wp-json\/wp\/v2\/types\/page"}],"author":[{"embeddable":true,"href":"https:\/\/www.einhornev.de\/cms\/wp-json\/wp\/v2\/users\/1"}],"replies":[{"embeddable":true,"href":"https:\/\/www.einhornev.de\/cms\/wp-json\/wp\/v2\/comments?post=6607"}],"version-history":[{"count":0,"href":"https:\/\/www.einhornev.de\/cms\/wp-json\/wp\/v2\/pages\/6607\/revisions"}],"wp:attachment":[{"href":"https:\/\/www.einhornev.de\/cms\/wp-json\/wp\/v2\/media?parent=6607"}],"curies":[{"name":"wp","href":"https:\/\/api.w.org\/{rel}","templated":true}]}}