{"id":4562,"date":"2015-08-18T02:04:02","date_gmt":"2015-08-18T00:04:02","guid":{"rendered":"http:\/\/www.einhornev.de\/cms\/?page_id=4562"},"modified":"2015-08-18T02:59:27","modified_gmt":"2015-08-18T00:59:27","slug":"vogelvolieren","status":"publish","type":"page","link":"https:\/\/www.einhornev.de\/cms\/home\/tierherberge\/vogelvolieren\/","title":{"rendered":"Vogelvolieren"},"content":{"rendered":"<p>Wir haben zur Zeit 2 bewohnte <strong>Vogelvolieren,<\/strong> in denen Wellensittiche, Nymphensittiche, Agaporniden und Co. wohnen. Hier k\u00f6nnen sie fliegen, spielen, Quatsch machen und lauthals herumtr\u00e4llern. Da gesunde V\u00f6gel auch im Winter und bei schlechtem Wetter in den Volieren bleiben, haben diese beheizbare Schutzh\u00e4uschen.<\/p>\n<p><a href=\"http:\/\/www.einhornev.de\/cms\/wp-content\/uploads\/2015\/06\/voliere.jpg\"><img loading=\"lazy\" decoding=\"async\" class=\"alignnone  wp-image-4488\" src=\"http:\/\/www.einhornev.de\/cms\/wp-content\/uploads\/2015\/06\/voliere-300x225.jpg\" alt=\"voliere\" width=\"201\" height=\"150\" srcset=\"https:\/\/www.einhornev.de\/cms\/wp-content\/uploads\/2015\/06\/voliere-300x225.jpg 300w, https:\/\/www.einhornev.de\/cms\/wp-content\/uploads\/2015\/06\/voliere-1024x768.jpg 1024w, https:\/\/www.einhornev.de\/cms\/wp-content\/uploads\/2015\/06\/voliere.jpg 1200w\" sizes=\"auto, (max-width: 201px) 100vw, 201px\" \/><\/a> <a href=\"http:\/\/www.einhornev.de\/cms\/wp-content\/uploads\/2015\/06\/voliere-2.jpg\"><img loading=\"lazy\" decoding=\"async\" class=\"alignnone  wp-image-4489\" src=\"http:\/\/www.einhornev.de\/cms\/wp-content\/uploads\/2015\/06\/voliere-2-300x225.jpg\" alt=\"voliere\" width=\"204\" height=\"153\" srcset=\"https:\/\/www.einhornev.de\/cms\/wp-content\/uploads\/2015\/06\/voliere-2-300x225.jpg 300w, https:\/\/www.einhornev.de\/cms\/wp-content\/uploads\/2015\/06\/voliere-2-1024x768.jpg 1024w, https:\/\/www.einhornev.de\/cms\/wp-content\/uploads\/2015\/06\/voliere-2.jpg 1200w\" sizes=\"auto, (max-width: 204px) 100vw, 204px\" \/><\/a> <a href=\"http:\/\/www.einhornev.de\/cms\/wp-content\/uploads\/2015\/06\/p1190060.jpg\"><img loading=\"lazy\" decoding=\"async\" class=\"alignnone  wp-image-4490\" src=\"http:\/\/www.einhornev.de\/cms\/wp-content\/uploads\/2015\/06\/p1190060-300x225.jpg\" alt=\"P1190060\" width=\"204\" height=\"153\" srcset=\"https:\/\/www.einhornev.de\/cms\/wp-content\/uploads\/2015\/06\/p1190060-300x225.jpg 300w, https:\/\/www.einhornev.de\/cms\/wp-content\/uploads\/2015\/06\/p1190060-1024x768.jpg 1024w, https:\/\/www.einhornev.de\/cms\/wp-content\/uploads\/2015\/06\/p1190060.jpg 1200w\" sizes=\"auto, (max-width: 204px) 100vw, 204px\" \/><\/a><\/p>\n","protected":false},"excerpt":{"rendered":"<p>Wir haben zur Zeit 2 bewohnte Vogelvolieren, in denen Wellensittiche, Nymphensittiche, Agaporniden und Co. wohnen. Hier k\u00f6nnen sie fliegen, spielen, Quatsch machen und lauthals herumtr\u00e4llern. Da gesunde V\u00f6gel auch im Winter und bei schlechtem Wetter in den Volieren bleiben, haben diese beheizbare Schutzh\u00e4uschen.<\/p>\n","protected":false},"author":1,"featured_media":0,"parent":1922,"menu_order":0,"comment_status":"open","ping_status":"open","template":"","meta":{"_acf_changed":false,"_bbp_topic_count":0,"_bbp_reply_count":0,"_bbp_total_topic_count":0,"_bbp_total_reply_count":0,"_bbp_voice_count":0,"_bbp_anonymous_reply_count":0,"_bbp_topic_count_hidden":0,"_bbp_reply_count_hidden":0,"_bbp_forum_subforum_count":0,"footnotes":""},"class_list":["post-4562","page","type-page","status-publish",""],"acf":[],"_links":{"self":[{"href":"https:\/\/www.einhornev.de\/cms\/wp-json\/wp\/v2\/pages\/4562","targetHints":{"allow":["GET"]}}],"collection":[{"href":"https:\/\/www.einhornev.de\/cms\/wp-json\/wp\/v2\/pages"}],"about":[{"href":"https:\/\/www.einhornev.de\/cms\/wp-json\/wp\/v2\/types\/page"}],"author":[{"embeddable":true,"href":"https:\/\/www.einhornev.de\/cms\/wp-json\/wp\/v2\/users\/1"}],"replies":[{"embeddable":true,"href":"https:\/\/www.einhornev.de\/cms\/wp-json\/wp\/v2\/comments?post=4562"}],"version-history":[{"count":0,"href":"https:\/\/www.einhornev.de\/cms\/wp-json\/wp\/v2\/pages\/4562\/revisions"}],"up":[{"embeddable":true,"href":"https:\/\/www.einhornev.de\/cms\/wp-json\/wp\/v2\/pages\/1922"}],"wp:attachment":[{"href":"https:\/\/www.einhornev.de\/cms\/wp-json\/wp\/v2\/media?parent=4562"}],"curies":[{"name":"wp","href":"https:\/\/api.w.org\/{rel}","templated":true}]}}