{"id":4558,"date":"2015-08-18T02:02:28","date_gmt":"2015-08-18T00:02:28","guid":{"rendered":"http:\/\/www.einhornev.de\/cms\/?page_id=4558"},"modified":"2015-08-18T02:53:13","modified_gmt":"2015-08-18T00:53:13","slug":"hundehaus","status":"publish","type":"page","link":"https:\/\/www.einhornev.de\/cms\/home\/tierherberge\/hundehaus\/","title":{"rendered":"Hundehaus"},"content":{"rendered":"<p>Das <strong>Hundehaus <\/strong>besteht aus 3 Zimmern, die jeweils Zugang zu eigenen, begr\u00fcnten Au\u00dfenbereichen haben. Die Hunde werden bevorzugt in Gruppen gehalten. Der Hundebereich befindet sich noch im Aufbau und es sollen m\u00f6glichst bald noch mehr Unterk\u00fcnfte f\u00fcr Hunde entstehen. <em><strong>Wir freuen uns \u00fcber jede Unterst\u00fctzung!<\/strong><\/em><\/p>\n<p><a href=\"http:\/\/www.einhornev.de\/cms\/wp-content\/uploads\/2015\/06\/murphy-2.jpg\"><img loading=\"lazy\" decoding=\"async\" class=\" wp-image-4491\" src=\"http:\/\/www.einhornev.de\/cms\/wp-content\/uploads\/2015\/06\/murphy-2-300x225.jpg\" alt=\"Murphy im Au\u00dfenbereich seines Hundezimmers\" width=\"204\" height=\"153\" srcset=\"https:\/\/www.einhornev.de\/cms\/wp-content\/uploads\/2015\/06\/murphy-2-300x225.jpg 300w, https:\/\/www.einhornev.de\/cms\/wp-content\/uploads\/2015\/06\/murphy-2-1024x768.jpg 1024w, https:\/\/www.einhornev.de\/cms\/wp-content\/uploads\/2015\/06\/murphy-2.jpg 1200w\" sizes=\"auto, (max-width: 204px) 100vw, 204px\" \/><\/a><a href=\"http:\/\/www.einhornev.de\/cms\/wp-content\/uploads\/2015\/06\/p1200556.jpg\"> <img loading=\"lazy\" decoding=\"async\" class=\"alignnone  wp-image-4511\" src=\"http:\/\/www.einhornev.de\/cms\/wp-content\/uploads\/2015\/06\/p1200556-300x225.jpg\" alt=\"P1200556\" width=\"206\" height=\"154\" srcset=\"https:\/\/www.einhornev.de\/cms\/wp-content\/uploads\/2015\/06\/p1200556-300x225.jpg 300w, https:\/\/www.einhornev.de\/cms\/wp-content\/uploads\/2015\/06\/p1200556.jpg 800w\" sizes=\"auto, (max-width: 206px) 100vw, 206px\" \/><\/a><\/p>\n","protected":false},"excerpt":{"rendered":"<p>Das Hundehaus besteht aus 3 Zimmern, die jeweils Zugang zu eigenen, begr\u00fcnten Au\u00dfenbereichen haben. Die Hunde werden bevorzugt in Gruppen gehalten. Der Hundebereich befindet sich noch im Aufbau und es sollen m\u00f6glichst bald noch mehr Unterk\u00fcnfte f\u00fcr Hunde entstehen. Wir freuen uns \u00fcber jede Unterst\u00fctzung!<\/p>\n","protected":false},"author":1,"featured_media":0,"parent":1922,"menu_order":0,"comment_status":"open","ping_status":"open","template":"","meta":{"_acf_changed":false,"_bbp_topic_count":0,"_bbp_reply_count":0,"_bbp_total_topic_count":0,"_bbp_total_reply_count":0,"_bbp_voice_count":0,"_bbp_anonymous_reply_count":0,"_bbp_topic_count_hidden":0,"_bbp_reply_count_hidden":0,"_bbp_forum_subforum_count":0,"footnotes":""},"class_list":["post-4558","page","type-page","status-publish",""],"acf":[],"_links":{"self":[{"href":"https:\/\/www.einhornev.de\/cms\/wp-json\/wp\/v2\/pages\/4558","targetHints":{"allow":["GET"]}}],"collection":[{"href":"https:\/\/www.einhornev.de\/cms\/wp-json\/wp\/v2\/pages"}],"about":[{"href":"https:\/\/www.einhornev.de\/cms\/wp-json\/wp\/v2\/types\/page"}],"author":[{"embeddable":true,"href":"https:\/\/www.einhornev.de\/cms\/wp-json\/wp\/v2\/users\/1"}],"replies":[{"embeddable":true,"href":"https:\/\/www.einhornev.de\/cms\/wp-json\/wp\/v2\/comments?post=4558"}],"version-history":[{"count":0,"href":"https:\/\/www.einhornev.de\/cms\/wp-json\/wp\/v2\/pages\/4558\/revisions"}],"up":[{"embeddable":true,"href":"https:\/\/www.einhornev.de\/cms\/wp-json\/wp\/v2\/pages\/1922"}],"wp:attachment":[{"href":"https:\/\/www.einhornev.de\/cms\/wp-json\/wp\/v2\/media?parent=4558"}],"curies":[{"name":"wp","href":"https:\/\/api.w.org\/{rel}","templated":true}]}}