{"id":24,"date":"2015-06-04T00:38:04","date_gmt":"2015-06-03T22:38:04","guid":{"rendered":"http:\/\/www.einhornev.de\/cms\/?page_id=24"},"modified":"2018-09-06T15:47:03","modified_gmt":"2018-09-06T13:47:03","slug":"impressum","status":"publish","type":"page","link":"https:\/\/www.einhornev.de\/cms\/impressum\/","title":{"rendered":"Impressum"},"content":{"rendered":"<p>Tierrechtsorganisation Einhorn e.V.<br \/>\nInhaber: Karen Sch\u00f6nbrodt<br \/>\nSenefelder Ring 46<br \/>\n21465 Reinbek<\/p>\n<p>Gesch\u00e4ftsf\u00fchrung: Karen Sch\u00f6nbrodt<\/p>\n<p>Telefonnummer: 0171\/5360631<br \/>\nE-Mailadresse: <a class=\"autohyperlink\" href=\"&#x6d;&#x61;&#x69;&#x6c;&#x74;&#x6f;&#58;&#105;&#110;&#102;o&#64;ei&#x6e;&#x68;&#x6f;&#x72;&#x6e;&#x65;&#118;&#46;&#100;&#101;\" data-slimstat=\"5\">&#105;&#x6e;&#x66;o&#64;&#x65;i&#110;&#x68;&#x6f;&#114;&#x6e;&#x65;v&#46;&#x64;e<\/a><\/p>\n<p>Registergericht: Amtsgericht Reinbek<\/p>\n<p>Inhaltlich verantwortlich: Karen Sch\u00f6nbrodt<\/p>\n<p>Plattform der Europ\u00e4ischen Kommission zur Online-Streitbeilegung (OS) f\u00fcr Verbraucher: <a target=\"_blank\" rel=\"noopener\" data-slimstat=\"5\">ec.europa.eu\/consumers\/odr\/<\/a>. Wir sind nicht bereit und nicht verpflichtet an einem Streitbeilegungsverfahren vor einer Verbraucherschlichtungsstelle teilzunehmen.<\/p>\n<p><strong>Bankinformation:<\/strong><\/p>\n<b>Bankinformation:<\/b><br \/>\r\nKonto-Nr.: 230006084<br \/>\r\nBank: Sparkasse Holstein<br \/>\r\nBLZ: 21352240<br \/>\r\nIBAN: DE80213522400230006084<br \/>\r\nBIC: NOLADE21HOL (Eutin)<br \/>\n<a class=\"bb-url ext\" href=\"https:\/\/www.paypal.com\/cgi-bin\/webscr?cmd=_s-xclick&amp;hosted_button_id=9MKRAJVK5ZDSJ\" target=\"_blank\" rel=\"nofollow noopener\" data-slimstat=\"5\">Per Paypal sicher spenden<\/a><\/p>\n<b>Sonderkonto f\u00fcr Geh\u00e4lter:<\/b><br \/>\r\nKonto-Nr.: 134931997<br \/>\r\nBank: Sparkasse Holstein<br \/>\r\nBLZ: 21352240<br \/>\r\nIBAN: DE92213522400134931997<br \/>\r\nBIC: NOLADE21HOL (Eutin)<br \/>\n<a class=\"bb-url ext\" href=\"https:\/\/www.paypal.com\/cgi-bin\/webscr?cmd=_s-xclick&amp;hosted_button_id=ZZRZAKRMQQHBW\" target=\"_blank\" rel=\"nofollow noopener\" data-slimstat=\"5\">Per Paypal sicher zweckgebunden spenden<\/a><\/p>\n<p><strong>Inhaltlich Verantwortlicher gem\u00e4\u00df \u00a710 Absatz 3 MDStV:<\/strong><br \/>\nVereinsvorstand Karen Sch\u00f6nbrodt<\/p>\n<p><strong>Technisch Verwantwortlicher:<\/strong><br \/>\n<a href=\"https:\/\/www.einhornev.de\/cms\/kontakt\/\" data-slimstat=\"5\">Kontaktformular<\/a><\/p>\n<p>Steuernummer: 30 299 74622<br \/>\nRegisternummer: VR 0413<\/p>\n<p>Die K\u00f6rperschaft \u201cTierrechtsorganisation Einhorn e.V.\u201d ist gem. Freistellungsbescheid vom 30.08.2004 nach \u00a7 5 Abs. 1 Nr. 9 KStG von der K\u00f6rperschaftssteuer befreit, nach \u00a7 3 Nr. 6 GewStG von der Gewerbesteuer befreit, weil sie ausschlie\u00dflich und unmittelbar steuerbeg\u00fcnstigten gemeinn\u00fctzigen Zwecken im Sinne der \u00a7\u00a7 51 ff. AO dient. Die K\u00f6rperschaft f\u00f6rdert den allgemein als besonders f\u00f6rderungsw\u00fcrdig anerkannten gemeinn\u00fctzigen Zweck Tierschutz. Die K\u00f6rperschaft ist berechtigt, f\u00fcr Spenden, die ihr zur Verwendung f\u00fcr diese Zwecke zugewendet werden, sowie f\u00fcr Mitgliedsbeitr\u00e4ge Zuwendungsbest\u00e4tigungen nach amtlich vorgeschriebenem Vordruck auszustellen.<\/p>\n","protected":false},"excerpt":{"rendered":"<p>Tierrechtsorganisation Einhorn e.V. Inhaber: Karen Sch\u00f6nbrodt Senefelder Ring 46 21465 Reinbek Gesch\u00e4ftsf\u00fchrung: Karen Sch\u00f6nbrodt Telefonnummer: 0171\/5360631 E-Mailadresse: &#x69;&#x6e;&#x66;&#x6f;&#x40;&#x65;&#x69;&#x6e;&#x68;&#x6f;&#x72;&#x6e;&#x65;&#x76;&#x2e;&#x64;&#x65; Registergericht: Amtsgericht Reinbek Inhaltlich verantwortlich: Karen Sch\u00f6nbrodt Plattform der Europ\u00e4ischen Kommission zur Online-Streitbeilegung (OS) f\u00fcr Verbraucher: ec.europa.eu\/consumers\/odr\/. Wir sind nicht bereit und nicht verpflichtet an einem Streitbeilegungsverfahren vor einer Verbraucherschlichtungsstelle teilzunehmen. Bankinformation: Per Paypal sicher spenden Per &hellip;<\/p>\n","protected":false},"author":1,"featured_media":0,"parent":0,"menu_order":21,"comment_status":"closed","ping_status":"open","template":"","meta":{"_acf_changed":false,"_bbp_topic_count":0,"_bbp_reply_count":0,"_bbp_total_topic_count":0,"_bbp_total_reply_count":0,"_bbp_voice_count":0,"_bbp_anonymous_reply_count":0,"_bbp_topic_count_hidden":0,"_bbp_reply_count_hidden":0,"_bbp_forum_subforum_count":0,"footnotes":""},"class_list":["post-24","page","type-page","status-publish",""],"acf":[],"_links":{"self":[{"href":"https:\/\/www.einhornev.de\/cms\/wp-json\/wp\/v2\/pages\/24","targetHints":{"allow":["GET"]}}],"collection":[{"href":"https:\/\/www.einhornev.de\/cms\/wp-json\/wp\/v2\/pages"}],"about":[{"href":"https:\/\/www.einhornev.de\/cms\/wp-json\/wp\/v2\/types\/page"}],"author":[{"embeddable":true,"href":"https:\/\/www.einhornev.de\/cms\/wp-json\/wp\/v2\/users\/1"}],"replies":[{"embeddable":true,"href":"https:\/\/www.einhornev.de\/cms\/wp-json\/wp\/v2\/comments?post=24"}],"version-history":[{"count":0,"href":"https:\/\/www.einhornev.de\/cms\/wp-json\/wp\/v2\/pages\/24\/revisions"}],"wp:attachment":[{"href":"https:\/\/www.einhornev.de\/cms\/wp-json\/wp\/v2\/media?parent=24"}],"curies":[{"name":"wp","href":"https:\/\/api.w.org\/{rel}","templated":true}]}}