{"id":2046,"date":"2015-06-20T10:53:58","date_gmt":"2015-06-20T08:53:58","guid":{"rendered":"http:\/\/www.einhornev.de\/cms\/?page_id=2046"},"modified":"2015-07-28T16:15:30","modified_gmt":"2015-07-28T14:15:30","slug":"sponsoren-fahrzeuganhaenger","status":"publish","type":"page","link":"https:\/\/www.einhornev.de\/cms\/home\/sponsoren\/sponsoren-fahrzeuganhaenger\/","title":{"rendered":"Sponsoren Fahrzeuganh\u00e4nger"},"content":{"rendered":"<div class=\"supsystic-table-loader spinner\"><\/div><div id=\"supsystic-table-2_38325\" class=\"supsystic-tables-wrap pagination-large\" style=\" visibility: hidden; \" ><table id=\"supsystic-table-2\" class=\"supsystic-table border hover order-column lightboxImg cell-border\" data-id=\"2\" data-view-id=\"2_38325\" data-title=\"Sponsoren Fahrzeuganh\u00e4nger\" data-currency-format=\"$1,0.00\" data-percent-format=\"1.00%\" data-date-format=\"DD.MM.YYYY\" data-time-format=\"HH:mm\" data-features=\"[&quot;auto_width&quot;,&quot;paging&quot;,&quot;searching&quot;,&quot;info&quot;]\" data-search-value=\"\" data-lightbox-img=\"\" data-lang=\"German\" data-override=\"{&quot;file&quot;:&quot;German&quot;}\" data-merged=\"[]\" data-responsive-mode=\"1\" data-from-history=\"0\" ><thead><tr><th class=\"\" style=\"padding: 0 !important;\"><\/th><th class=\"\" style=\"padding: 0 !important;\"><\/th><th class=\"\" style=\"padding: 0 !important;\"><\/th><th class=\"\" style=\"padding: 0 !important;\"><\/th><th class=\"\" style=\"padding: 0 !important;\"><\/th><th class=\"\" style=\"padding: 0 !important;\"><\/th><th class=\"\" style=\"padding: 0 !important;\"><\/th><th class=\"\" style=\"padding: 0 !important;\"><\/th><\/tr><\/thead><tbody><tr style=\"height:px\" ><td data-cell-id=\"A1\" data-x=\"0\" data-y=\"1\" data-db-index=\"1\" class=\"\" data-original-value=\"Logo\" data-order=\"Logo\" >Logo <\/td><td data-cell-id=\"B1\" data-x=\"1\" data-y=\"1\" data-db-index=\"1\" class=\"\" data-original-value=\"Branche\" data-order=\"Branche\" >Branche <\/td><td data-cell-id=\"C1\" data-x=\"2\" data-y=\"1\" data-db-index=\"1\" class=\"\" data-original-value=\"Kunde\" data-order=\"Kunde\" >Kunde <\/td><td data-cell-id=\"D1\" data-x=\"3\" data-y=\"1\" data-db-index=\"1\" class=\"\" data-original-value=\"Ansprechpartner\" data-order=\"Ansprechpartner\" >Ansprechpartner <\/td><td data-cell-id=\"E1\" data-x=\"4\" data-y=\"1\" data-db-index=\"1\" class=\"\" data-original-value=\"Anschrift\" data-order=\"Anschrift\" >Anschrift <\/td><td data-cell-id=\"F1\" data-x=\"5\" data-y=\"1\" data-db-index=\"1\" class=\"\" data-original-value=\"Telefon\" data-order=\"Telefon\" >Telefon <\/td><td data-cell-id=\"G1\" data-x=\"6\" data-y=\"1\" data-db-index=\"1\" class=\"\" data-original-value=\"Email\" data-order=\"Email\" >Email <\/td><td data-cell-id=\"H1\" data-x=\"7\" data-y=\"1\" data-db-index=\"1\" class=\"\" data-original-value=\"Internet\" data-order=\"Internet\" >Internet <\/td><\/tr><tr style=\"height:px\" ><td data-cell-id=\"A2\" data-x=\"0\" data-y=\"2\" data-db-index=\"2\" class=\"\" data-original-value=\"&lt;img src=&quot;http:\/\/www.einhornev.de\/cms\/wp-content\/uploads\/2015\/06\/sponsor1.jpg&quot; alt=&quot;sponsor1&quot; width=&quot;200&quot; height=&quot;80&quot; class=&quot;alignright size-full wp-image-2033&quot; \/&gt;\" data-order=\"&lt;img src=&quot;http:\/\/www.einhornev.de\/cms\/wp-content\/uploads\/2015\/06\/sponsor1.jpg&quot; alt=&quot;sponsor1&quot; width=&quot;200&quot; height=&quot;80&quot; class=&quot;alignright size-full wp-image-2033&quot; \/&gt;\" ><img src=\"http:\/\/www.einhornev.de\/cms\/wp-content\/uploads\/2015\/06\/sponsor1.jpg\" alt=\"sponsor1\" width=\"200\" height=\"80\" class=\"alignright size-full wp-image-2033\" \/><\/td><td data-cell-id=\"B2\" data-x=\"1\" data-y=\"2\" data-db-index=\"2\" class=\"\" data-original-value=\"Tierarztpraxis\" data-order=\"Tierarztpraxis\" >Tierarztpraxis <\/td><td data-cell-id=\"C2\" data-x=\"2\" data-y=\"2\" data-db-index=\"2\" class=\"\" data-original-value=\"Tierarztpraxis\" data-order=\"Tierarztpraxis\" >Tierarztpraxis <\/td><td data-cell-id=\"D2\" data-x=\"3\" data-y=\"2\" data-db-index=\"2\" class=\"\" data-original-value=\"Frau Dr. Ute Baron\" data-order=\"Frau Dr. Ute Baron\" >Frau Dr. Ute Baron <\/td><td data-cell-id=\"E2\" data-x=\"4\" data-y=\"2\" data-db-index=\"2\" class=\"\" data-original-value=\"Bahnhofstr. 17 21465 Reinbek\" data-order=\"Bahnhofstr. 17 21465 Reinbek\" >Bahnhofstr. 17 21465 Reinbek <\/td><td data-cell-id=\"F2\" data-x=\"5\" data-y=\"2\" data-db-index=\"2\" class=\"\" data-original-value=\"040\/7229099\" data-order=\"040\/7229099\" >040\/7229099 <\/td><td data-cell-id=\"G2\" data-x=\"6\" data-y=\"2\" data-db-index=\"2\" class=\"\" data-original-value=\"\" data-order=\"\" ><\/td><td data-cell-id=\"H2\" data-x=\"7\" data-y=\"2\" data-db-index=\"2\" class=\"\" data-original-value=\"\" data-order=\"\" ><\/td><\/tr><tr style=\"height:px\" ><td data-cell-id=\"A3\" data-x=\"0\" data-y=\"3\" data-db-index=\"3\" class=\"\" data-original-value=\"&lt;img src=&quot;http:\/\/www.einhornev.de\/cms\/wp-content\/uploads\/2015\/06\/sponsor2.jpg&quot; alt=&quot;sponsor2&quot; width=&quot;200&quot; height=&quot;80&quot; class=&quot;alignright size-full wp-image-2035&quot; \/&gt;\" data-order=\"&lt;img src=&quot;http:\/\/www.einhornev.de\/cms\/wp-content\/uploads\/2015\/06\/sponsor2.jpg&quot; alt=&quot;sponsor2&quot; width=&quot;200&quot; height=&quot;80&quot; class=&quot;alignright size-full wp-image-2035&quot; \/&gt;\" ><img src=\"http:\/\/www.einhornev.de\/cms\/wp-content\/uploads\/2015\/06\/sponsor2.jpg\" alt=\"sponsor2\" width=\"200\" height=\"80\" class=\"alignright size-full wp-image-2035\" \/><\/td><td data-cell-id=\"B3\" data-x=\"1\" data-y=\"3\" data-db-index=\"3\" class=\"\" data-original-value=\"Psychologie\" data-order=\"Psychologie\" >Psychologie <\/td><td data-cell-id=\"C3\" data-x=\"2\" data-y=\"3\" data-db-index=\"3\" class=\"\" data-original-value=\"Tierpsychologie\" data-order=\"Tierpsychologie\" >Tierpsychologie <\/td><td data-cell-id=\"D3\" data-x=\"3\" data-y=\"3\" data-db-index=\"3\" class=\"\" data-original-value=\"Frau Nadja Schomann\" data-order=\"Frau Nadja Schomann\" >Frau Nadja Schomann <\/td><td data-cell-id=\"E3\" data-x=\"4\" data-y=\"3\" data-db-index=\"3\" class=\"\" data-original-value=\"Bauernvogtei 22b 21465 Reinbek\" data-order=\"Bauernvogtei 22b 21465 Reinbek\" >Bauernvogtei 22b 21465 Reinbek <\/td><td data-cell-id=\"F3\" data-x=\"5\" data-y=\"3\" data-db-index=\"3\" class=\"\" data-original-value=\"040\/7279692\" data-order=\"040\/7279692\" >040\/7279692 <\/td><td data-cell-id=\"G3\" data-x=\"6\" data-y=\"3\" data-db-index=\"3\" class=\"\" data-original-value=\"&lt;a href=&quot;&#x6d;&#97;&#105;l&#x74;&#x6f;&#58;i&#x6e;&#x66;&#111;&#64;&#x74;&#x69;&#101;r&#x70;&#x73;&#121;c&#x68;&#x6f;&#108;o&#x67;&#x69;&#101;&#45;s&#x63;&#x68;&#111;m&#x61;&#x6e;&#110;&#46;&#x64;&#x65;&quot;&gt;&#x69;&#110;&#x66;&#111;&#64;&#x74;&#105;e&#x72;&#112;&#x73;&#x79;c&#x68;&#111;l&#x6f;&#103;&#x69;&#x65;-&#x73;&#99;h&#x6f;&#109;a&#x6e;&#110;&#x2e;&#100;e&lt;\/a&gt;\" data-order=\"&lt;a href=&quot;&#109;&#x61;&#105;&#x6c;&#116;&#x6f;&#58;&#x69;&#110;&#x66;&#111;&#x40;&#116;&#x69;&#101;&#x72;&#112;&#x73;&#121;&#x63;&#104;&#x6f;&#108;&#x6f;&#103;&#x69;e&#x2d;s&#x63;h&#x6f;m&#x61;n&#x6e;&#46;&#x64;e&quot;&gt;&#x69;&#110;f&#x6f;&#x40;&#116;i&#x65;&#114;p&#x73;&#x79;&#99;h&#x6f;&#108;o&#x67;&#x69;&#101;-&#x73;&#x63;&#104;&#x6f;&#x6d;&#97;n&#x6e;&#x2e;&#100;e&lt;\/a&gt;\" ><a href=\"&#x6d;&#x61;&#x69;&#108;&#116;o:&#x69;&#x6e;&#x66;&#x6f;&#64;&#116;ie&#x72;&#x70;&#x73;&#121;&#99;&#104;ol&#x6f;&#x67;&#x69;&#101;&#45;sc&#x68;&#x6f;&#x6d;&#x61;&#110;&#110;&#46;d&#x65;\">i&#110;&#x66;&#x6f;&#64;&#116;&#105;&#x65;&#x72;p&#115;&#121;&#x63;&#x68;o&#108;&#x6f;&#x67;&#x69;e&#45;&#x73;&#x63;h&#111;&#109;&#x61;&#x6e;n&#46;&#100;&#x65;<\/a><\/td><td data-cell-id=\"H3\" data-x=\"7\" data-y=\"3\" data-db-index=\"3\" class=\"\" data-original-value=\"&lt;a href=&quot;http:\/\/www.tierpsychologie-schomann.de&quot; target=&quot;_blank&quot;&gt;www.tierpsychologie-schomann.de&lt;\/a&gt;\" data-order=\"&lt;a href=&quot;http:\/\/www.tierpsychologie-schomann.de&quot; target=&quot;_blank&quot;&gt;www.tierpsychologie-schomann.de&lt;\/a&gt;\" ><a href=\"http:\/\/www.tierpsychologie-schomann.de\" target=\"_blank\">www.tierpsychologie-schomann.de<\/a><\/td><\/tr><tr style=\"height:px\" ><td data-cell-id=\"A4\" data-x=\"0\" data-y=\"4\" data-db-index=\"4\" class=\"\" data-original-value=\"&lt;img src=&quot;http:\/\/www.einhornev.de\/cms\/wp-content\/uploads\/2015\/06\/sponsor3.jpg&quot; alt=&quot;sponsor3&quot; width=&quot;200&quot; height=&quot;80&quot; class=&quot;alignright size-full wp-image-2039&quot; \/&gt;\" data-order=\"&lt;img src=&quot;http:\/\/www.einhornev.de\/cms\/wp-content\/uploads\/2015\/06\/sponsor3.jpg&quot; alt=&quot;sponsor3&quot; width=&quot;200&quot; height=&quot;80&quot; class=&quot;alignright size-full wp-image-2039&quot; \/&gt;\" ><img src=\"http:\/\/www.einhornev.de\/cms\/wp-content\/uploads\/2015\/06\/sponsor3.jpg\" alt=\"sponsor3\" width=\"200\" height=\"80\" class=\"alignright size-full wp-image-2039\" \/><\/td><td data-cell-id=\"B4\" data-x=\"1\" data-y=\"4\" data-db-index=\"4\" class=\"\" data-original-value=\"Tierarzt\" data-order=\"Tierarzt\" >Tierarzt <\/td><td data-cell-id=\"C4\" data-x=\"2\" data-y=\"4\" data-db-index=\"4\" class=\"\" data-original-value=\"Dr. med. vet. A. M\u00fcller Tier\u00e4rztin\" data-order=\"Dr. med. vet. A. M\u00fcller Tier\u00e4rztin\" >Dr. med. vet. A. M\u00fcller Tier\u00e4rztin <\/td><td data-cell-id=\"D4\" data-x=\"3\" data-y=\"4\" data-db-index=\"4\" class=\"\" data-original-value=\"Frau Dr. med. Angelika M\u00fcller\" data-order=\"Frau Dr. med. Angelika M\u00fcller\" >Frau Dr. med. Angelika M\u00fcller <\/td><td data-cell-id=\"E4\" data-x=\"4\" data-y=\"4\" data-db-index=\"4\" class=\"\" data-original-value=\"B\u00f6rnsener Stra\u00dfe 32a 21521 Aum\u00fchle\" data-order=\"B\u00f6rnsener Stra\u00dfe 32a 21521 Aum\u00fchle\" >B\u00f6rnsener Stra\u00dfe 32a 21521 Aum\u00fchle <\/td><td data-cell-id=\"F4\" data-x=\"5\" data-y=\"4\" data-db-index=\"4\" class=\"\" data-original-value=\"04104\/3698\" data-order=\"04104\/3698\" >04104\/3698 <\/td><td data-cell-id=\"G4\" data-x=\"6\" data-y=\"4\" data-db-index=\"4\" class=\"\" data-original-value=\"\" data-order=\"\" ><\/td><td data-cell-id=\"H4\" data-x=\"7\" data-y=\"4\" data-db-index=\"4\" class=\"\" data-original-value=\"\" data-order=\"\" ><\/td><\/tr><tr style=\"height:px\" ><td data-cell-id=\"A5\" data-x=\"0\" data-y=\"5\" data-db-index=\"5\" class=\"\" data-original-value=\"&lt;img src=&quot;http:\/\/www.einhornev.de\/cms\/wp-content\/uploads\/2015\/06\/sponsor4.jpg&quot; alt=&quot;sponsor4&quot; width=&quot;200&quot; height=&quot;80&quot; class=&quot;alignright size-full wp-image-2038&quot; \/&gt;\" data-order=\"&lt;img src=&quot;http:\/\/www.einhornev.de\/cms\/wp-content\/uploads\/2015\/06\/sponsor4.jpg&quot; alt=&quot;sponsor4&quot; width=&quot;200&quot; height=&quot;80&quot; class=&quot;alignright size-full wp-image-2038&quot; \/&gt;\" ><img src=\"http:\/\/www.einhornev.de\/cms\/wp-content\/uploads\/2015\/06\/sponsor4.jpg\" alt=\"sponsor4\" width=\"200\" height=\"80\" class=\"alignright size-full wp-image-2038\" \/><\/td><td data-cell-id=\"B5\" data-x=\"1\" data-y=\"5\" data-db-index=\"5\" class=\"\" data-original-value=\"\" data-order=\"\" ><\/td><td data-cell-id=\"C5\" data-x=\"2\" data-y=\"5\" data-db-index=\"5\" class=\"\" data-original-value=\"Hundepension Dassendorf Marion L\u00fcth\" data-order=\"Hundepension Dassendorf Marion L\u00fcth\" >Hundepension Dassendorf Marion L\u00fcth <\/td><td data-cell-id=\"D5\" data-x=\"3\" data-y=\"5\" data-db-index=\"5\" class=\"\" data-original-value=\"Frau Marion L\u00fcth\" data-order=\"Frau Marion L\u00fcth\" >Frau Marion L\u00fcth <\/td><td data-cell-id=\"E5\" data-x=\"4\" data-y=\"5\" data-db-index=\"5\" class=\"\" data-original-value=\"Bundesstra\u00dfe 25 21521 Dassendorf\" data-order=\"Bundesstra\u00dfe 25 21521 Dassendorf\" >Bundesstra\u00dfe 25 21521 Dassendorf <\/td><td data-cell-id=\"F5\" data-x=\"5\" data-y=\"5\" data-db-index=\"5\" class=\"\" data-original-value=\"04104\/695365\" data-order=\"04104\/695365\" >04104\/695365 <\/td><td data-cell-id=\"G5\" data-x=\"6\" data-y=\"5\" data-db-index=\"5\" class=\"\" data-original-value=\"\" data-order=\"\" ><\/td><td data-cell-id=\"H5\" data-x=\"7\" data-y=\"5\" data-db-index=\"5\" class=\"\" data-original-value=\"\" data-order=\"\" ><\/td><\/tr><tr style=\"height:px\" ><td data-cell-id=\"A6\" data-x=\"0\" data-y=\"6\" data-db-index=\"6\" class=\"\" data-original-value=\"\" data-order=\"\" ><\/td><td data-cell-id=\"B6\" data-x=\"1\" data-y=\"6\" data-db-index=\"6\" class=\"\" data-original-value=\"Heilpraktiker\" data-order=\"Heilpraktiker\" >Heilpraktiker <\/td><td data-cell-id=\"C6\" data-x=\"2\" data-y=\"6\" data-db-index=\"6\" class=\"\" data-original-value=\"Frank-Andr\u00e8 Obst Tierheilpraktiker\/Tierern\u00e4hrungsberater\" data-order=\"Frank-Andr\u00e8 Obst Tierheilpraktiker\/Tierern\u00e4hrungsberater\" >Frank-Andr\u00e8 Obst Tierheilpraktiker\/Tierern\u00e4hrungsberater <\/td><td data-cell-id=\"D6\" data-x=\"3\" data-y=\"6\" data-db-index=\"6\" class=\"\" data-original-value=\"Herr Frank-Andre Obst\" data-order=\"Herr Frank-Andre Obst\" >Herr Frank-Andre Obst <\/td><td data-cell-id=\"E6\" data-x=\"4\" data-y=\"6\" data-db-index=\"6\" class=\"\" data-original-value=\"Rehkoppel 24 21521 Aum\u00fchle\" data-order=\"Rehkoppel 24 21521 Aum\u00fchle\" >Rehkoppel 24 21521 Aum\u00fchle <\/td><td data-cell-id=\"F6\" data-x=\"5\" data-y=\"6\" data-db-index=\"6\" class=\"\" data-original-value=\"04104\/902244\" data-order=\"04104\/902244\" >04104\/902244 <\/td><td data-cell-id=\"G6\" data-x=\"6\" data-y=\"6\" data-db-index=\"6\" class=\"\" data-original-value=\"\" data-order=\"\" ><\/td><td data-cell-id=\"H6\" data-x=\"7\" data-y=\"6\" data-db-index=\"6\" class=\"\" data-original-value=\"\" data-order=\"\" ><\/td><\/tr><tr style=\"height:px\" ><td data-cell-id=\"A7\" data-x=\"0\" data-y=\"7\" data-db-index=\"7\" class=\"\" data-original-value=\"&lt;img src=&quot;http:\/\/www.einhornev.de\/cms\/wp-content\/uploads\/2015\/06\/sponsor5.jpg&quot; alt=&quot;sponsor5&quot; width=&quot;200&quot; height=&quot;80&quot; class=&quot;alignright size-full wp-image-2034&quot; \/&gt;\" data-order=\"&lt;img src=&quot;http:\/\/www.einhornev.de\/cms\/wp-content\/uploads\/2015\/06\/sponsor5.jpg&quot; alt=&quot;sponsor5&quot; width=&quot;200&quot; height=&quot;80&quot; class=&quot;alignright size-full wp-image-2034&quot; \/&gt;\" ><img src=\"http:\/\/www.einhornev.de\/cms\/wp-content\/uploads\/2015\/06\/sponsor5.jpg\" alt=\"sponsor5\" width=\"200\" height=\"80\" class=\"alignright size-full wp-image-2034\" \/><\/td><td data-cell-id=\"B7\" data-x=\"1\" data-y=\"7\" data-db-index=\"7\" class=\"\" data-original-value=\"Meisterbetrieb\" data-order=\"Meisterbetrieb\" >Meisterbetrieb <\/td><td data-cell-id=\"C7\" data-x=\"2\" data-y=\"7\" data-db-index=\"7\" class=\"\" data-original-value=\"Frank Denzinger GmbH &amp; Co. KG\" data-order=\"Frank Denzinger GmbH &amp; Co. KG\" >Frank Denzinger GmbH & Co. KG <\/td><td data-cell-id=\"D7\" data-x=\"3\" data-y=\"7\" data-db-index=\"7\" class=\"\" data-original-value=\"Frau B. Denzinger\" data-order=\"Frau B. Denzinger\" >Frau B. Denzinger <\/td><td data-cell-id=\"E7\" data-x=\"4\" data-y=\"7\" data-db-index=\"7\" class=\"\" data-original-value=\"Am Knick 6 22113 Oststeinbek\" data-order=\"Am Knick 6 22113 Oststeinbek\" >Am Knick 6 22113 Oststeinbek <\/td><td data-cell-id=\"F7\" data-x=\"5\" data-y=\"7\" data-db-index=\"7\" class=\"\" data-original-value=\"040\/6783338\" data-order=\"040\/6783338\" >040\/6783338 <\/td><td data-cell-id=\"G7\" data-x=\"6\" data-y=\"7\" data-db-index=\"7\" class=\"\" data-original-value=\"&lt;a href=&quot;&#x6d;&#97;i&#x6c;&#x74;&#111;:&#x73;&#x65;&#114;v&#x69;&#x63;&#101;&#64;&#x66;&#x72;&#97;n&#x6b;&#100;&#101;n&#x7a;&#105;n&#x67;&#x65;&#114;&#46;&#x63;&#x6f;&#109;&quot;&gt;&#x73;&#101;r&#x76;&#105;c&#x65;&#64;f&#x72;&#x61;&#110;&#x6b;&#x64;&#101;n&#x7a;&#105;n&#x67;&#101;r&#x2e;&#x63;&#111;&#x6d;&lt;\/a&gt;\" data-order=\"&lt;a href=&quot;&#x6d;&#x61;&#105;lt&#x6f;&#x3a;&#115;&#101;r&#x76;&#x69;&#99;&#101;&#64;&#x66;&#x72;&#x61;&#110;kd&#x65;&#x6e;&#122;&#105;n&#x67;&#x65;&#114;&#46;c&#x6f;&#x6d;&quot;&gt;&#115;&#101;&#x72;&#x76;&#105;&#99;&#x65;&#x40;&#102;&#114;&#x61;&#x6e;&#107;&#100;&#x65;&#x6e;&#122;&#105;&#x6e;&#x67;&#101;&#114;&#x2e;&#x63;&#111;&#109;&lt;\/a&gt;\" ><a href=\"m&#97;&#x69;&#x6c;t&#111;&#x3a;&#x73;e&#114;&#118;&#x69;&#x63;e&#64;&#x66;&#x72;a&#110;&#x6b;&#x64;e&#110;&#122;&#x69;&#x6e;g&#101;&#x72;&#x2e;c&#111;&#x6d;\">&#115;&#x65;&#114;&#x76;&#105;&#x63;&#101;&#x40;&#102;&#x72;&#97;&#x6e;k&#x64;e&#x6e;z&#x69;n&#x67;e&#x72;&#46;&#99;&#x6f;&#109;<\/a><\/td><td data-cell-id=\"H7\" data-x=\"7\" data-y=\"7\" data-db-index=\"7\" class=\"\" data-original-value=\"&lt;a href=&quot;http:\/\/www.frankdenzinger.com&quot; target=&quot;_blank&quot;&gt;www.frankdenzinger.com&lt;\/a&gt;\" data-order=\"&lt;a href=&quot;http:\/\/www.frankdenzinger.com&quot; target=&quot;_blank&quot;&gt;www.frankdenzinger.com&lt;\/a&gt;\" ><a href=\"http:\/\/www.frankdenzinger.com\" target=\"_blank\">www.frankdenzinger.com<\/a><\/td><\/tr><tr style=\"height:px\" ><td data-cell-id=\"A8\" data-x=\"0\" data-y=\"8\" data-db-index=\"8\" class=\"\" data-original-value=\"&lt;img src=&quot;http:\/\/www.einhornev.de\/cms\/wp-content\/uploads\/2015\/06\/sponsor6.jpg&quot; alt=&quot;sponsor6&quot; width=&quot;200&quot; height=&quot;80&quot; class=&quot;alignright size-full wp-image-2036&quot; \/&gt;\" data-order=\"&lt;img src=&quot;http:\/\/www.einhornev.de\/cms\/wp-content\/uploads\/2015\/06\/sponsor6.jpg&quot; alt=&quot;sponsor6&quot; width=&quot;200&quot; height=&quot;80&quot; class=&quot;alignright size-full wp-image-2036&quot; \/&gt;\" ><img src=\"http:\/\/www.einhornev.de\/cms\/wp-content\/uploads\/2015\/06\/sponsor6.jpg\" alt=\"sponsor6\" width=\"200\" height=\"80\" class=\"alignright size-full wp-image-2036\" \/><\/td><td data-cell-id=\"B8\" data-x=\"1\" data-y=\"8\" data-db-index=\"8\" class=\"\" data-original-value=\"Apotheken\" data-order=\"Apotheken\" >Apotheken <\/td><td data-cell-id=\"C8\" data-x=\"2\" data-y=\"8\" data-db-index=\"8\" class=\"\" data-original-value=\"Sachsenwald Apotheke\" data-order=\"Sachsenwald Apotheke\" >Sachsenwald Apotheke <\/td><td data-cell-id=\"D8\" data-x=\"3\" data-y=\"8\" data-db-index=\"8\" class=\"\" data-original-value=\"Frau Frauke Gehrhardt\" data-order=\"Frau Frauke Gehrhardt\" >Frau Frauke Gehrhardt <\/td><td data-cell-id=\"E8\" data-x=\"4\" data-y=\"8\" data-db-index=\"8\" class=\"\" data-original-value=\"Hamburger Str. 2 21465 Reinbek\" data-order=\"Hamburger Str. 2 21465 Reinbek\" >Hamburger Str. 2 21465 Reinbek <\/td><td data-cell-id=\"F8\" data-x=\"5\" data-y=\"8\" data-db-index=\"8\" class=\"\" data-original-value=\"040\/7226057\" data-order=\"040\/7226057\" >040\/7226057 <\/td><td data-cell-id=\"G8\" data-x=\"6\" data-y=\"8\" data-db-index=\"8\" class=\"\" data-original-value=\"&lt;a href=&quot;&#x6d;&#97;&#105;l&#x74;&#x6f;&#58;i&#x6e;&#x66;&#111;&#64;s&#x61;&#99;&#104;s&#x65;&#x6e;&#119;a&#x6c;&#x64;&#45;&#97;p&#x6f;&#x2e;&#100;e&quot;&gt;&#105;&#110;&#x66;o&#64;&#x73;&#x61;c&#104;&#x73;&#x65;n&#119;&#x61;&#x6c;d&#45;&#x61;&#x70;o&#46;&#x64;&#x65;&lt;\/a&gt;\" data-order=\"&lt;a href=&quot;&#x6d;&#x61;&#x69;&#108;&#116;o:&#x69;&#x6e;&#x66;&#111;&#64;sa&#x63;&#x68;&#x73;&#101;&#110;wa&#x6c;&#x64;&#x2d;&#97;&#112;o&#46;&#x64;&#x65;&quot;&gt;&#x69;&#110;&#102;&#x6f;&#x40;&#115;&#97;&#x63;&#x68;&#115;&#101;&#x6e;&#x77;&#97;&#108;&#x64;&#x2d;&#97;&#112;&#x6f;&#x2e;&#100;&#101;&lt;\/a&gt;\" ><a href=\"&#109;&#x61;i&#108;&#x74;o&#58;&#x69;n&#102;&#x6f;&#64;&#115;&#x61;c&#104;&#x73;e&#110;&#x77;a&#108;&#x64;-&#97;&#x70;o&#46;&#x64;e\">info&#64;&#115;&#97;&#99;&#104;&#115;&#101;&#x6e;&#x77;&#x61;&#x6c;&#x64;&#x2d;&#x61;&#x70;&#x6f;&#46;de<\/a><\/td><td data-cell-id=\"H8\" data-x=\"7\" data-y=\"8\" data-db-index=\"8\" class=\"\" data-original-value=\"&lt;a href=&quot;http:\/\/www.sachsenwald-apo.de&quot; target=&quot;_blank&quot;&gt;www.sachsenwald-apo.de&lt;\/a&gt;\" data-order=\"&lt;a href=&quot;http:\/\/www.sachsenwald-apo.de&quot; target=&quot;_blank&quot;&gt;www.sachsenwald-apo.de&lt;\/a&gt;\" ><a href=\"http:\/\/www.sachsenwald-apo.de\" target=\"_blank\">www.sachsenwald-apo.de<\/a><\/td><\/tr><tr style=\"height:px\" ><td data-cell-id=\"A9\" data-x=\"0\" data-y=\"9\" data-db-index=\"9\" class=\"\" data-original-value=\"&lt;img src=&quot;http:\/\/www.einhornev.de\/cms\/wp-content\/uploads\/2015\/06\/sponsor7.jpg&quot; alt=&quot;sponsor7&quot; width=&quot;200&quot; height=&quot;80&quot; class=&quot;alignright size-full wp-image-2037&quot; \/&gt;\" data-order=\"&lt;img src=&quot;http:\/\/www.einhornev.de\/cms\/wp-content\/uploads\/2015\/06\/sponsor7.jpg&quot; alt=&quot;sponsor7&quot; width=&quot;200&quot; height=&quot;80&quot; class=&quot;alignright size-full wp-image-2037&quot; \/&gt;\" ><img src=\"http:\/\/www.einhornev.de\/cms\/wp-content\/uploads\/2015\/06\/sponsor7.jpg\" alt=\"sponsor7\" width=\"200\" height=\"80\" class=\"alignright size-full wp-image-2037\" \/><\/td><td data-cell-id=\"B9\" data-x=\"1\" data-y=\"9\" data-db-index=\"9\" class=\"\" data-original-value=\"Autohaus\" data-order=\"Autohaus\" >Autohaus <\/td><td data-cell-id=\"C9\" data-x=\"2\" data-y=\"9\" data-db-index=\"9\" class=\"\" data-original-value=\"Autohaus R. Schaumann GmbH &amp; CO KG\" data-order=\"Autohaus R. Schaumann GmbH &amp; CO KG\" >Autohaus R. Schaumann GmbH & CO KG <\/td><td data-cell-id=\"D9\" data-x=\"3\" data-y=\"9\" data-db-index=\"9\" class=\"\" data-original-value=\"Herr Nihat Kocyigit\" data-order=\"Herr Nihat Kocyigit\" >Herr Nihat Kocyigit <\/td><td data-cell-id=\"E9\" data-x=\"4\" data-y=\"9\" data-db-index=\"9\" class=\"\" data-original-value=\"Glinder Weg 30 21465 Reinbek\" data-order=\"Glinder Weg 30 21465 Reinbek\" >Glinder Weg 30 21465 Reinbek <\/td><td data-cell-id=\"F9\" data-x=\"5\" data-y=\"9\" data-db-index=\"9\" class=\"\" data-original-value=\"040\/728176-0\" data-order=\"040\/728176-0\" >040\/728176-0 <\/td><td data-cell-id=\"G9\" data-x=\"6\" data-y=\"9\" data-db-index=\"9\" class=\"\" data-original-value=\"&lt;a href=&quot;ma&#105;&#108;&#116;&#x6f;&#x3a;&#x6e;&#x69;&#x68;at&#46;&#107;&#111;&#x63;&#x79;&#x69;&#x67;&#x69;t&#64;&#115;&#99;&#104;&#x61;&#x75;&#x6d;&#x61;&#x6e;n&#46;&#102;&#115;&#111;&#x63;&#x2e;&#x64;&#x65;&quot;&gt;ni&#104;&#97;&#x74;&#x2e;&#x6b;&#x6f;cy&#105;&#103;&#x69;&#x74;&#x40;&#x73;ch&#97;&#117;&#109;&#x61;&#x6e;&#x6e;&#x2e;fs&#111;&#99;&#x2e;&#x64;&#x65;&lt;\/a&gt;\" data-order=\"&lt;a href=&quot;mai&#108;&#116;&#111;&#x3a;&#x6e;&#x69;&#x68;&#x61;&#x74;&#46;ko&#99;&#121;&#105;&#103;&#x69;&#x74;&#x40;&#x73;&#x63;&#x68;aum&#97;&#110;&#110;&#x2e;&#x66;&#x73;&#x6f;&#x63;&#x2e;de&quot;&gt;n&#105;&#104;&#x61;&#x74;&#x2e;&#x6b;o&#99;&#121;&#105;&#x67;&#x69;&#x74;&#64;s&#99;&#104;&#x61;&#x75;&#x6d;an&#110;&#46;&#x66;&#x73;&#x6f;c&#46;&#100;&#101;&lt;\/a&gt;\" ><a href=\"&#109;&#x61;&#105;&#x6c;&#116;&#x6f;:&#x6e;i&#x68;a&#116;&#x2e;&#107;&#x6f;&#99;&#x79;&#105;&#x67;i&#x74;&#64;&#x73;c&#104;&#x61;&#117;&#x6d;&#97;&#x6e;&#110;&#x2e;f&#x73;o&#x63;&#46;&#100;&#x65;\">&#110;&#x69;&#x68;&#97;&#x74;&#x2e;k&#x6f;&#x63;y&#105;&#x67;i&#116;&#x40;s&#99;&#x68;a&#117;&#x6d;a&#110;&#x6e;&#x2e;&#102;&#x73;&#x6f;&#99;&#x2e;&#x64;e<\/a><\/td><td data-cell-id=\"H9\" data-x=\"7\" data-y=\"9\" data-db-index=\"9\" class=\"\" data-original-value=\"&lt;a href=&quot;http:\/\/www.autohaus-schaumann.de&quot; target=&quot;_blank&quot;&gt;www.autohaus-schaumann.de&lt;\/a&gt;\" data-order=\"&lt;a href=&quot;http:\/\/www.autohaus-schaumann.de&quot; target=&quot;_blank&quot;&gt;www.autohaus-schaumann.de&lt;\/a&gt;\" ><a href=\"http:\/\/www.autohaus-schaumann.de\" target=\"_blank\">www.autohaus-schaumann.de<\/a><\/td><\/tr><\/tbody><\/table><!-- \/#supsystic-table-2.supsystic-table --><\/div><!-- \/.supsystic-tables-wrap --><!-- Tables Generator by Supsystic --><!-- Version:1.10.46 --><!-- http:\/\/supsystic.com\/ --><a title=\"WordPress Data Table Plugin\" style=\"display:none;\" href=\"https:\/\/supsystic.com\/plugins\/wordpress-data-table-plugin\/?utm_medium=love_link\" target=\"_blank\">WordPress Data Table Plugin<\/a>\n","protected":false},"excerpt":{"rendered":"","protected":false},"author":1,"featured_media":0,"parent":56,"menu_order":0,"comment_status":"closed","ping_status":"open","template":"","meta":{"_acf_changed":false,"_bbp_topic_count":0,"_bbp_reply_count":0,"_bbp_total_topic_count":0,"_bbp_total_reply_count":0,"_bbp_voice_count":0,"_bbp_anonymous_reply_count":0,"_bbp_topic_count_hidden":0,"_bbp_reply_count_hidden":0,"_bbp_forum_subforum_count":0,"footnotes":""},"class_list":["post-2046","page","type-page","status-publish",""],"acf":[],"_links":{"self":[{"href":"https:\/\/www.einhornev.de\/cms\/wp-json\/wp\/v2\/pages\/2046","targetHints":{"allow":["GET"]}}],"collection":[{"href":"https:\/\/www.einhornev.de\/cms\/wp-json\/wp\/v2\/pages"}],"about":[{"href":"https:\/\/www.einhornev.de\/cms\/wp-json\/wp\/v2\/types\/page"}],"author":[{"embeddable":true,"href":"https:\/\/www.einhornev.de\/cms\/wp-json\/wp\/v2\/users\/1"}],"replies":[{"embeddable":true,"href":"https:\/\/www.einhornev.de\/cms\/wp-json\/wp\/v2\/comments?post=2046"}],"version-history":[{"count":0,"href":"https:\/\/www.einhornev.de\/cms\/wp-json\/wp\/v2\/pages\/2046\/revisions"}],"up":[{"embeddable":true,"href":"https:\/\/www.einhornev.de\/cms\/wp-json\/wp\/v2\/pages\/56"}],"wp:attachment":[{"href":"https:\/\/www.einhornev.de\/cms\/wp-json\/wp\/v2\/media?parent=2046"}],"curies":[{"name":"wp","href":"https:\/\/api.w.org\/{rel}","templated":true}]}}