{"id":2024,"date":"2015-06-20T09:34:14","date_gmt":"2015-06-20T07:34:14","guid":{"rendered":"http:\/\/www.einhornev.de\/cms\/?page_id=2024"},"modified":"2016-01-23T12:55:55","modified_gmt":"2016-01-23T11:55:55","slug":"partnerlinks","status":"publish","type":"page","link":"https:\/\/www.einhornev.de\/cms\/home\/sponsoren\/partnerlinks\/","title":{"rendered":"Partnerlinks"},"content":{"rendered":"<p><a href=\"http:\/\/www.einhornev.de\/cms\/wp-content\/uploads\/2015\/06\/banner.gif\"><img loading=\"lazy\" decoding=\"async\" class=\"alignnone wp-image-2509 size-full\" src=\"http:\/\/www.einhornev.de\/cms\/wp-content\/uploads\/2015\/06\/banner.gif\" alt=\"Banner tierheimlinks.de\" width=\"468\" height=\"60\" \/><br \/>\n<\/a><br \/>\n\n\t\t\t\t\t<div class=\"linkview\" id=\"lvw-sc-id-1\">\n\t\t\t\t\t<div class=\"lvw-category\">\n\t\t\t\t\t\t<h2 class=\"lvw-cat-name\">Tierschutz<\/h2>\n\t\t\t\t\t<div id=\"lvw-id-1-1\">\n\t\t\t\t\t<ul class=\"lvw-link-list\">\n\t\t\t\t\t\t<li class=\"lvw-list-item\">\n\t\t\t<div class=\"lvw-link tierschutz\"><div class=\"lvw-item-name\"><a class=\"lvw-anchor\" href=\"http:\/\/dieschnitzelzentrifuge.de\" target=\"_blank\" title=\"Die Schnitzelzentrifuge - F\u00fcr das Wohl der Tiere! (Die Schnitzelzentrifuge wird von zwei Studentinnen an der HAW Hamburg betrieben. Auf der Schnitzelzentrifuge m\u00f6chten wir uns f\u00fcr bessere Transport- und Lebensbedingungen von Nutztieren und gegen Tierqu\u00e4lerei allgemein einsetzen.)\" rel=\"noopener\">Die Schnitzelzentrifuge - F\u00fcr das Wohl der Tiere!<\/a><\/div><\/div><\/li>\n\t\t\t\t\t<\/ul>\n\t\t\t\t\t<\/div>\n\t\t\t\t\t<\/div>\n\t\t\t\t\t<div class=\"lvw-category\">\n\t\t\t\t\t\t<h2 class=\"lvw-cat-name\">Linkpartner<\/h2>\n\t\t\t\t\t<div id=\"lvw-id-1-2\">\n\t\t\t\t\t<ul class=\"lvw-link-list\">\n\t\t\t\t\t\t<li class=\"lvw-list-item\">\n\t\t\t<div class=\"lvw-link linkpartner\"><div class=\"lvw-item-name\"><a class=\"lvw-anchor\" href=\"http:\/\/reibener-hof.de\/cms\/urlaub-mit-hund-in-bayern\" target=\"_blank\" title=\"Urlaub mit Hund in Bayern\" rel=\"noopener \">Urlaub mit Hund in Bayern<\/a><\/div><\/div><\/li>\n\t\t\t\t\t<\/ul>\n\t\t\t\t\t<\/div>\n\t\t\t\t\t<\/div>\n\t\t\t\t<\/div>\n","protected":false},"excerpt":{"rendered":"","protected":false},"author":1,"featured_media":0,"parent":56,"menu_order":0,"comment_status":"closed","ping_status":"open","template":"","meta":{"_acf_changed":false,"_bbp_topic_count":0,"_bbp_reply_count":0,"_bbp_total_topic_count":0,"_bbp_total_reply_count":0,"_bbp_voice_count":0,"_bbp_anonymous_reply_count":0,"_bbp_topic_count_hidden":0,"_bbp_reply_count_hidden":0,"_bbp_forum_subforum_count":0,"footnotes":""},"class_list":["post-2024","page","type-page","status-publish",""],"acf":[],"_links":{"self":[{"href":"https:\/\/www.einhornev.de\/cms\/wp-json\/wp\/v2\/pages\/2024","targetHints":{"allow":["GET"]}}],"collection":[{"href":"https:\/\/www.einhornev.de\/cms\/wp-json\/wp\/v2\/pages"}],"about":[{"href":"https:\/\/www.einhornev.de\/cms\/wp-json\/wp\/v2\/types\/page"}],"author":[{"embeddable":true,"href":"https:\/\/www.einhornev.de\/cms\/wp-json\/wp\/v2\/users\/1"}],"replies":[{"embeddable":true,"href":"https:\/\/www.einhornev.de\/cms\/wp-json\/wp\/v2\/comments?post=2024"}],"version-history":[{"count":0,"href":"https:\/\/www.einhornev.de\/cms\/wp-json\/wp\/v2\/pages\/2024\/revisions"}],"up":[{"embeddable":true,"href":"https:\/\/www.einhornev.de\/cms\/wp-json\/wp\/v2\/pages\/56"}],"wp:attachment":[{"href":"https:\/\/www.einhornev.de\/cms\/wp-json\/wp\/v2\/media?parent=2024"}],"curies":[{"name":"wp","href":"https:\/\/api.w.org\/{rel}","templated":true}]}}