{"id":2,"date":"2015-06-03T22:59:13","date_gmt":"2015-06-03T20:59:13","guid":{"rendered":"http:\/\/www.einhornev.de\/cms\/?page_id=2"},"modified":"2015-09-11T08:08:33","modified_gmt":"2015-09-11T06:08:33","slug":"ueber-einhorn-e-v","status":"publish","type":"page","link":"https:\/\/www.einhornev.de\/cms\/ueber-einhorn-e-v\/","title":{"rendered":"\u00dcber Einhorn e.V."},"content":{"rendered":"<p><strong>Warum Tierrecht<\/strong><br \/>\n<strong>Warum \u201eEinhorn\u201c<\/strong><\/p>\n<p>Die Tierrechtsaktionsgruppe \u201eEinhorn e.V.\u201c wurde im Sommer 1995 von Menschen gegr\u00fcndet, die eines gemeinsam haben: Das Selbstverst\u00e4ndnis, dass Tieren das gleiche Recht auf Unversehrtheit und Befriedigung ihrer Bed\u00fcrfnisse zusteht wie uns Menschen und dass es wichtig ist, sich aktiv f\u00fcr die allgemeine Anerkennung dieses Rechts einzusetzen.<\/p>\n<p>Da der Gedanke `Tiere haben Rechte\u00b4 f\u00fcr manchen noch ungewohnt ist und weil Tierrechtler alles andere als emotionsgeladene Fanatiker sind, als solche jedoch h\u00e4ufig angesehen werden, m\u00f6chten wir zun\u00e4chst einmal das `Warum\u00b4 erkl\u00e4ren.<\/p>\n<p>Wir alle sind mit dem `Wissen\u00b4 aufgewachsen, dass der Mensch in seiner Wertigkeit dem Tier haushoch \u00fcberlegen ist. Wir haben gelernt, dass wir Tiere zwar gut behandeln sollen (was das zu bedeuten hat, ist jedoch Ermessenssache, und jeder sieht das anders), dass wir sie aber durchaus im f\u00fcr uns vorteilhaften Sinne (be-)nutzen d\u00fcrfen.<\/p>\n<p>Doch mit welchem Recht meinen wir, das zu d\u00fcrfen?<\/p>\n<p>Weil sie anders aussehen als wir, eine andere Sprache sprechen oder nicht so intelligent sind wie wir?<\/p>\n<p>Auch Menschen sehen nicht alle gleich aus, sprechen unterschiedliche Sprachen, sind nicht alle gleich intelligent&#8230;(Aus den gleichen Gr\u00fcnden mussten einmal `Menschenrechte\u00b4 festgelegt werden!) Wo wollen wir die Grenze ziehen?<\/p>\n<p>D\u00fcrfen wir die Bed\u00fcrfnisse der Tiere missachten, weil wir daf\u00fcr nicht bestraft werden, weil sie sich nicht wehren k\u00f6nnen oder weil sie ganz einfach nicht `Mensch\u00b4 sind?<\/p>\n<p>Also: Wenn wir es logisch, ehrlich und gerecht betrachten, gibt es nicht einen wirklichen Grund, warum wir Tiere mit weniger Achtung und Respekt behandeln d\u00fcrfen als Menschen.<\/p>\n<p>An diesem Punkt wird oft eingeworfen: \u201eJa, aber es geht doch manchmal nicht anders. Bei Versuchen oder bei der Nahrungsmittelproduktion geht es doch gar nicht ohne Tiere!\u201c<\/p>\n<p>Auch die Gro\u00dfgrundbesitzer waren damals der Meinung, ohne Sklaven gehe es nicht&#8230;einer m\u00fcsse schlie\u00dflich die Arbeit tun.<\/p>\n<p>Aber als die Sklaverei endlich als moralisch verwerflich galt, ging es dann pl\u00f6tzlich doch ohne!!!<\/p>\n<p>Ebenso geht es auch ohne Tiersklaverei! Es gibt gen\u00fcgend M\u00f6glichkeiten, bei Versuchen, bei der Herstellung von Kleidung und Nahrung usw. auf Tiere zu verzichten. Was fehlt, ist nur eines: Dass wir Menschen endlich verstehen, dass wir und die anderen Tiere vor allem eines und hier v\u00f6llig identisch sind: Leidensf\u00e4hige Gesch\u00f6pfe, die leben wollen \u2013 ohne Angst und Schmerzen!<\/p>\n<p>Und hierin sieht \u201eEinhorn e.V.\u201c neben der direkten Hilfe f\u00fcr in Not geratene Tiere seine Aufgabe: Die \u00d6ffentlichkeit \u00fcber Missst\u00e4nde zu informieren und ihr Bewusstsein f\u00fcr die Situation der Tiere zu sensibilisieren und so zur F\u00f6rderung des Rechts der Tiere beizutragen, keinen Grausamkeiten, Misshandlungen oder Verfolgungen ausgesetzt zu sein.<\/p>\n<p>Zum Abschluss m\u00f6chten wir noch kurz darauf eingehen, warum wir uns f\u00fcr den Namen \u201eEinhorn\u201c entschieden haben: In Fabeln und M\u00e4rchen verk\u00f6rpert das Einhorn immer wieder die Einzigartigkeit eines Wesens, das nur unter seiner Art entsprechenden Bedingungen existieren kann&#8230; und dessen Existenz durch die Habgier und die Ignoranz der Menschen bedroht wird. Doch trotz der gegnerischen \u00dcbermacht, k\u00e4mpfen das Einhorn und seine Mitstreiter, die es nur um seiner selbst, seiner Einzigartigkeit willen sch\u00fctzen wollen, auf friedliche Weise, und nicht zuletzt geht es bei diesem Kampf immer um ein harmonisches Miteinander zwischen Mensch, Tier und der Natur.<\/p>\n<p>So sehen wir uns auch: Wir wollen k\u00e4mpfen \u2013 auf friedliche Weise &#8211; f\u00fcr jedes einzelne Tier \u2013 um seiner selbst willen.<\/p>\n<p>Denn jedes Lebewesen ist einzigartig und in seiner Wertigkeit unermesslich!<\/p>\n","protected":false},"excerpt":{"rendered":"<p>Warum Tierrecht Warum \u201eEinhorn\u201c Die Tierrechtsaktionsgruppe \u201eEinhorn e.V.\u201c wurde im Sommer 1995 von Menschen gegr\u00fcndet, die eines gemeinsam haben: Das Selbstverst\u00e4ndnis, dass Tieren das gleiche Recht auf Unversehrtheit und Befriedigung ihrer Bed\u00fcrfnisse zusteht wie uns Menschen und dass es wichtig ist, sich aktiv f\u00fcr die allgemeine Anerkennung dieses Rechts einzusetzen. Da der Gedanke `Tiere haben &hellip;<\/p>\n","protected":false},"author":1,"featured_media":0,"parent":0,"menu_order":21,"comment_status":"closed","ping_status":"open","template":"","meta":{"_acf_changed":false,"_bbp_topic_count":0,"_bbp_reply_count":0,"_bbp_total_topic_count":0,"_bbp_total_reply_count":0,"_bbp_voice_count":0,"_bbp_anonymous_reply_count":0,"_bbp_topic_count_hidden":0,"_bbp_reply_count_hidden":0,"_bbp_forum_subforum_count":0,"footnotes":""},"class_list":["post-2","page","type-page","status-publish",""],"acf":[],"_links":{"self":[{"href":"https:\/\/www.einhornev.de\/cms\/wp-json\/wp\/v2\/pages\/2","targetHints":{"allow":["GET"]}}],"collection":[{"href":"https:\/\/www.einhornev.de\/cms\/wp-json\/wp\/v2\/pages"}],"about":[{"href":"https:\/\/www.einhornev.de\/cms\/wp-json\/wp\/v2\/types\/page"}],"author":[{"embeddable":true,"href":"https:\/\/www.einhornev.de\/cms\/wp-json\/wp\/v2\/users\/1"}],"replies":[{"embeddable":true,"href":"https:\/\/www.einhornev.de\/cms\/wp-json\/wp\/v2\/comments?post=2"}],"version-history":[{"count":0,"href":"https:\/\/www.einhornev.de\/cms\/wp-json\/wp\/v2\/pages\/2\/revisions"}],"wp:attachment":[{"href":"https:\/\/www.einhornev.de\/cms\/wp-json\/wp\/v2\/media?parent=2"}],"curies":[{"name":"wp","href":"https:\/\/api.w.org\/{rel}","templated":true}]}}