{"id":1922,"date":"2015-06-19T14:49:10","date_gmt":"2015-06-19T12:49:10","guid":{"rendered":"http:\/\/www.einhornev.de\/cms\/?page_id=1922"},"modified":"2016-01-13T09:08:33","modified_gmt":"2016-01-13T08:08:33","slug":"tierherberge","status":"publish","type":"page","link":"https:\/\/www.einhornev.de\/cms\/home\/tierherberge\/","title":{"rendered":"Tierherberge"},"content":{"rendered":"<p>Wir bem\u00fchen uns allen tierischen G\u00e4sten ihren Aufenthalt in unserer Tierherberge so angenehm, wie m\u00f6glich, zu machen. Dazu geh\u00f6rt neben sauberen Unterk\u00fcnften und artgem\u00e4\u00dfem Futter nat\u00fcrlich auch artgerechte Haltung und viel, viel Aufmerksamkeit.<\/p>\n<ul id=\"menu-tierherberge\" class=\"menu\"><li id=\"menu-item-4577\" class=\"menu-item menu-item-type-post_type menu-item-object-page menu-item-4577\"><a href=\"https:\/\/www.einhornev.de\/cms\/home\/tierherberge\/katzenwohnung\/\">Katzenwohnung<\/a><\/li>\n<li id=\"menu-item-4576\" class=\"menu-item menu-item-type-post_type menu-item-object-page menu-item-4576\"><a href=\"https:\/\/www.einhornev.de\/cms\/home\/tierherberge\/katzenhaus\/\">Katzenhaus<\/a><\/li>\n<li id=\"menu-item-4575\" class=\"menu-item menu-item-type-post_type menu-item-object-page menu-item-4575\"><a href=\"https:\/\/www.einhornev.de\/cms\/home\/tierherberge\/hundehaus\/\">Hundehaus<\/a><\/li>\n<li id=\"menu-item-4574\" class=\"menu-item menu-item-type-post_type menu-item-object-page menu-item-4574\"><a href=\"https:\/\/www.einhornev.de\/cms\/home\/tierherberge\/kleintiergehege\/\">Kleintiergehege<\/a><\/li>\n<li id=\"menu-item-4573\" class=\"menu-item menu-item-type-post_type menu-item-object-page menu-item-4573\"><a href=\"https:\/\/www.einhornev.de\/cms\/home\/tierherberge\/vogelvolieren\/\">Vogelvolieren<\/a><\/li>\n<li id=\"menu-item-4572\" class=\"menu-item menu-item-type-post_type menu-item-object-page menu-item-4572\"><a href=\"https:\/\/www.einhornev.de\/cms\/home\/tierherberge\/wildtiergehege\/\">Wildtiergehege<\/a><\/li>\n<\/ul>\n","protected":false},"excerpt":{"rendered":"<p>Wir bem\u00fchen uns allen tierischen G\u00e4sten ihren Aufenthalt in unserer Tierherberge so angenehm, wie m\u00f6glich, zu machen. Dazu geh\u00f6rt neben sauberen Unterk\u00fcnften und artgem\u00e4\u00dfem Futter nat\u00fcrlich auch artgerechte Haltung und viel, viel Aufmerksamkeit.<\/p>\n","protected":false},"author":1,"featured_media":0,"parent":37,"menu_order":0,"comment_status":"closed","ping_status":"open","template":"","meta":{"_acf_changed":false,"_bbp_topic_count":0,"_bbp_reply_count":0,"_bbp_total_topic_count":0,"_bbp_total_reply_count":0,"_bbp_voice_count":0,"_bbp_anonymous_reply_count":0,"_bbp_topic_count_hidden":0,"_bbp_reply_count_hidden":0,"_bbp_forum_subforum_count":0,"footnotes":""},"class_list":["post-1922","page","type-page","status-publish",""],"acf":[],"_links":{"self":[{"href":"https:\/\/www.einhornev.de\/cms\/wp-json\/wp\/v2\/pages\/1922","targetHints":{"allow":["GET"]}}],"collection":[{"href":"https:\/\/www.einhornev.de\/cms\/wp-json\/wp\/v2\/pages"}],"about":[{"href":"https:\/\/www.einhornev.de\/cms\/wp-json\/wp\/v2\/types\/page"}],"author":[{"embeddable":true,"href":"https:\/\/www.einhornev.de\/cms\/wp-json\/wp\/v2\/users\/1"}],"replies":[{"embeddable":true,"href":"https:\/\/www.einhornev.de\/cms\/wp-json\/wp\/v2\/comments?post=1922"}],"version-history":[{"count":0,"href":"https:\/\/www.einhornev.de\/cms\/wp-json\/wp\/v2\/pages\/1922\/revisions"}],"up":[{"embeddable":true,"href":"https:\/\/www.einhornev.de\/cms\/wp-json\/wp\/v2\/pages\/37"}],"wp:attachment":[{"href":"https:\/\/www.einhornev.de\/cms\/wp-json\/wp\/v2\/media?parent=1922"}],"curies":[{"name":"wp","href":"https:\/\/api.w.org\/{rel}","templated":true}]}}